{"id":1034,"date":"2024-02-10T13:42:35","date_gmt":"2024-02-10T13:42:35","guid":{"rendered":"https:\/\/demo.creativethemes.com\/elementor\/smile-dent\/?page_id=1034"},"modified":"2024-04-19T12:21:18","modified_gmt":"2024-04-19T11:21:18","slug":"about-us","status":"publish","type":"page","link":"https:\/\/spectrumterapia.com\/index.php\/about-us\/","title":{"rendered":"PERSPECTIVA SPECTRUM TERAPIA"},"content":{"rendered":"\t\t<div data-elementor-type=\"wp-page\" data-elementor-id=\"1034\" class=\"elementor elementor-1034\" data-elementor-post-type=\"page\">\n\t\t\t\t<div class=\"elementor-element elementor-element-2c8c77a e-flex e-con-boxed e-con e-parent\" data-id=\"2c8c77a\" data-element_type=\"container\" data-settings=\"{&quot;background_background&quot;:&quot;classic&quot;}\">\n\t\t\t\t\t<div class=\"e-con-inner\">\n\t\t\t\t<div class=\"elementor-element elementor-element-04f5b6c de_scroll_animation_no elementor-widget elementor-widget-heading\" data-id=\"04f5b6c\" data-element_type=\"widget\" data-widget_type=\"heading.default\">\n\t\t\t\t<div class=\"elementor-widget-container\">\n\t\t\t\t\t<h2 class=\"elementor-heading-title elementor-size-default\">Care sunt valorile si viziunea Spectrum Terapia?<\/h2>\t\t\t\t<\/div>\n\t\t\t\t<\/div>\n\t\t\t\t\t<\/div>\n\t\t\t\t<\/div>\n\t\t<div class=\"elementor-element elementor-element-e3823ff e-grid e-con-full e-con e-parent\" data-id=\"e3823ff\" data-element_type=\"container\">\n\t\t\t\t<div class=\"elementor-element elementor-element-d7091c1 elementor-widget-mobile__width-inherit elementor--h-position-center elementor--v-position-middle elementor-arrows-position-inside elementor-pagination-position-inside de_scroll_animation_no elementor-widget elementor-widget-slides\" data-id=\"d7091c1\" data-element_type=\"widget\" data-settings=\"{&quot;transition&quot;:&quot;fade&quot;,&quot;navigation&quot;:&quot;both&quot;,&quot;autoplay&quot;:&quot;yes&quot;,&quot;pause_on_hover&quot;:&quot;yes&quot;,&quot;pause_on_interaction&quot;:&quot;yes&quot;,&quot;autoplay_speed&quot;:5000,&quot;infinite&quot;:&quot;yes&quot;,&quot;transition_speed&quot;:500}\" data-widget_type=\"slides.default\">\n\t\t\t\t<div class=\"elementor-widget-container\">\n\t\t\t\t\t\t\t\t\t<div class=\"elementor-swiper\">\n\t\t\t\t\t<div class=\"elementor-slides-wrapper elementor-main-swiper swiper\" role=\"region\" aria-roledescription=\"carousel\" aria-label=\"Slides\" dir=\"ltr\" data-animation=\"fadeInUp\">\n\t\t\t\t<div class=\"swiper-wrapper elementor-slides\">\n\t\t\t\t\t\t\t\t\t\t<div class=\"elementor-repeater-item-038cae6 swiper-slide\" role=\"group\" aria-roledescription=\"slide\"><div class=\"swiper-slide-bg\" role=\"img\"><\/div><div class=\"elementor-background-overlay\"><\/div><a class=\"swiper-slide-inner\" href=\"https:\/\/spectrumterapia.com\/index.php\/contact\/\"><div class=\"swiper-slide-contents\"><div class=\"elementor-slide-heading\">Sus\u021binem Progresul Copiilor la Terapie<\/div><div class=\"elementor-slide-description\">\u00cencuraj\u0103m \u0219i sus\u021binem transparenta, sinceritatea si colaborarea dintre echipa de terapeuti si p\u0103rin\u021bii. P\u0103rintii sunt mai mult decat bineveniti sa asiste la orele de terapie ale piticului lor<\/div><div  class=\"elementor-button elementor-slide-button elementor-size-sm\">CONTACTEAZ\u0102-NE<\/div><\/div><\/a><\/div><div class=\"elementor-repeater-item-b299a6c swiper-slide\" role=\"group\" aria-roledescription=\"slide\"><div class=\"swiper-slide-bg\" role=\"img\"><\/div><div class=\"elementor-background-overlay\"><\/div><a class=\"swiper-slide-inner\" href=\"https:\/\/spectrumterapia.com\/index.php\/contact\/\"><div class=\"swiper-slide-contents\"><div class=\"elementor-slide-heading\">Sustinem Progresul Copiilor Acas\u0103<\/div><div class=\"elementor-slide-description\">Ne dorim un parteneriat cu p\u0103rin\u021bii si pentru aceasta suntem implica\u021bi in mod activ in educarea si sustinerea parint\u021bilor, ghid\u00e2ndu-i  pas cu pas pentru a putea continua procesul terapeutic si acasa.<\/div><div  class=\"elementor-button elementor-slide-button elementor-size-sm\">CONTACTEAZ\u0102-NE<\/div><\/div><\/a><\/div><div class=\"elementor-repeater-item-d9578cd swiper-slide\" role=\"group\" aria-roledescription=\"slide\"><div class=\"swiper-slide-bg\" role=\"img\"><\/div><div class=\"elementor-background-overlay\"><\/div><a class=\"swiper-slide-inner\" href=\"https:\/\/spectrumterapia.com\/index.php\/contact\/\"><div class=\"swiper-slide-contents\"><div class=\"elementor-slide-heading\">RESPECT - GRIJA - EMPATIE<\/div><div class=\"elementor-slide-description\">Respectul, grija si empatia fa\u021b\u0103 de fiecare client in parte, reprezinta valorile pe care le impartaseste intreaga noastra echip\u0103<\/div><div  class=\"elementor-button elementor-slide-button elementor-size-sm\">CONTACTEAZ\u0102-NE<\/div><\/div><\/a><\/div><div class=\"elementor-repeater-item-b95f411 swiper-slide\" role=\"group\" aria-roledescription=\"slide\"><div class=\"swiper-slide-bg elementor-ken-burns elementor-ken-burns--in\" role=\"img\"><\/div><div class=\"elementor-background-overlay\"><\/div><a class=\"swiper-slide-inner\" href=\"https:\/\/spectrumterapia.com\/index.php\/contact\/\"><div class=\"swiper-slide-contents\"><div class=\"elementor-slide-heading\">DATORIE - RESPECT<\/div><div class=\"elementor-slide-description\">Binele copilului primeaza. Interesul clientului este pe primul loc, mai presus de  interesele personale sau financiare ale membrilor echipei. <\/div><div  class=\"elementor-button elementor-slide-button elementor-size-sm\">CONTACTEAZ\u0102-NE<\/div><\/div><\/a><\/div>\t\t\t\t<\/div>\n\t\t\t\t\t\t\t\t\t\t\t\t\t\t\t<div class=\"elementor-swiper-button elementor-swiper-button-prev\" role=\"button\" tabindex=\"0\" aria-label=\"Previous slide\">\n\t\t\t\t\t\t\t<svg aria-hidden=\"true\" class=\"e-font-icon-svg e-eicon-chevron-left\" viewBox=\"0 0 1000 1000\" xmlns=\"http:\/\/www.w3.org\/2000\/svg\"><path d=\"M646 125C629 125 613 133 604 142L308 442C296 454 292 471 292 487 292 504 296 521 308 533L604 854C617 867 629 875 646 875 663 875 679 871 692 858 704 846 713 829 713 812 713 796 708 779 692 767L438 487 692 225C700 217 708 204 708 187 708 171 704 154 692 142 675 129 663 125 646 125Z\"><\/path><\/svg>\t\t\t\t\t\t<\/div>\n\t\t\t\t\t\t<div class=\"elementor-swiper-button elementor-swiper-button-next\" role=\"button\" tabindex=\"0\" aria-label=\"Next slide\">\n\t\t\t\t\t\t\t<svg aria-hidden=\"true\" class=\"e-font-icon-svg e-eicon-chevron-right\" viewBox=\"0 0 1000 1000\" xmlns=\"http:\/\/www.w3.org\/2000\/svg\"><path d=\"M696 533C708 521 713 504 713 487 713 471 708 454 696 446L400 146C388 133 375 125 354 125 338 125 325 129 313 142 300 154 292 171 292 187 292 204 296 221 308 233L563 492 304 771C292 783 288 800 288 817 288 833 296 850 308 863 321 871 338 875 354 875 371 875 388 867 400 854L696 533Z\"><\/path><\/svg>\t\t\t\t\t\t<\/div>\n\t\t\t\t\t\t\t\t\t\t\t\t\t\t\t\t<div class=\"swiper-pagination\"><\/div>\n\t\t\t\t\t\t\t\t\t\t\t\t<\/div>\n\t\t\t\t<\/div>\n\t\t\t\t\t\t\t\t<\/div>\n\t\t\t\t<\/div>\n\t\t\t\t<\/div>\n\t\t\t\t<\/div>\n\t\t","protected":false},"excerpt":{"rendered":"<p>Care sunt valorile si viziunea Spectrum Terapia? Sus\u021binem Progresul Copiilor la Terapie\u00cencuraj\u0103m \u0219i sus\u021binem transparenta, sinceritatea si colaborarea dintre echipa de terapeuti si p\u0103rin\u021bii. P\u0103rintii sunt mai mult decat bineveniti sa asiste la orele de terapie ale piticului lorCONTACTEAZ\u0102-NESustinem Progresul Copiilor Acas\u0103Ne dorim un parteneriat cu p\u0103rin\u021bii si pentru aceasta suntem implica\u021bi in mod activ [&hellip;]<\/p>\n","protected":false},"author":1,"featured_media":0,"parent":0,"menu_order":0,"comment_status":"closed","ping_status":"closed","template":"","meta":{"om_disable_all_campaigns":false,"_monsterinsights_skip_tracking":false,"_monsterinsights_sitenote_active":false,"_monsterinsights_sitenote_note":"","_monsterinsights_sitenote_category":0,"_uf_show_specific_survey":0,"_uf_disable_surveys":false,"footnotes":""},"blocksy_meta":{"has_hero_section":"disabled","vertical_spacing_source":"custom","content_area_spacing":"none","styles_descriptor":{"styles":{"desktop":"","tablet":"","mobile":""},"google_fonts":[],"version":6}},"rttpg_featured_image_url":null,"rttpg_author":{"display_name":"spectrumterapia.com","author_link":"https:\/\/spectrumterapia.com\/author\/spectrumterapia-com\/"},"rttpg_comment":0,"rttpg_category":null,"rttpg_excerpt":"Care sunt valorile si viziunea Spectrum Terapia? Sus\u021binem Progresul Copiilor la Terapie\u00cencuraj\u0103m \u0219i sus\u021binem transparenta, sinceritatea si colaborarea dintre echipa de terapeuti si p\u0103rin\u021bii. P\u0103rintii sunt mai mult decat bineveniti sa asiste la orele de terapie ale piticului lorCONTACTEAZ\u0102-NESustinem Progresul Copiilor Acas\u0103Ne dorim un parteneriat cu p\u0103rin\u021bii si pentru aceasta suntem implica\u021bi in mod activ&hellip;","_links":{"self":[{"href":"https:\/\/spectrumterapia.com\/index.php\/wp-json\/wp\/v2\/pages\/1034"}],"collection":[{"href":"https:\/\/spectrumterapia.com\/index.php\/wp-json\/wp\/v2\/pages"}],"about":[{"href":"https:\/\/spectrumterapia.com\/index.php\/wp-json\/wp\/v2\/types\/page"}],"author":[{"embeddable":true,"href":"https:\/\/spectrumterapia.com\/index.php\/wp-json\/wp\/v2\/users\/1"}],"replies":[{"embeddable":true,"href":"https:\/\/spectrumterapia.com\/index.php\/wp-json\/wp\/v2\/comments?post=1034"}],"version-history":[{"count":209,"href":"https:\/\/spectrumterapia.com\/index.php\/wp-json\/wp\/v2\/pages\/1034\/revisions"}],"predecessor-version":[{"id":3135,"href":"https:\/\/spectrumterapia.com\/index.php\/wp-json\/wp\/v2\/pages\/1034\/revisions\/3135"}],"wp:attachment":[{"href":"https:\/\/spectrumterapia.com\/index.php\/wp-json\/wp\/v2\/media?parent=1034"}],"curies":[{"name":"wp","href":"https:\/\/api.w.org\/{rel}","templated":true}]}}